{"id":2,"date":"2025-02-28T14:57:38","date_gmt":"2025-02-28T14:57:38","guid":{"rendered":"https:\/\/info.isce.pt\/?page_id=2"},"modified":"2026-03-20T16:17:07","modified_gmt":"2026-03-20T16:17:07","slug":"sample-page","status":"publish","type":"page","link":"https:\/\/info.isce.pt\/","title":{"rendered":"Info ISCE"},"content":{"rendered":"\t\t<div data-elementor-type=\"wp-page\" data-elementor-id=\"2\" class=\"elementor elementor-2\">\n\t\t\t\t<div class=\"elementor-element elementor-element-68cff9b6 e-flex e-con-boxed e-con e-parent\" data-id=\"68cff9b6\" data-element_type=\"container\">\n\t\t\t\t\t<div class=\"e-con-inner\">\n\t\t<div class=\"elementor-element elementor-element-ff6cf76 e-grid e-con-full e-con e-child\" data-id=\"ff6cf76\" data-element_type=\"container\">\n\t\t\t\t<div class=\"elementor-element elementor-element-c318053 elementor-widget elementor-widget-image\" data-id=\"c318053\" data-element_type=\"widget\" data-widget_type=\"image.default\">\n\t\t\t\t<div class=\"elementor-widget-container\">\n\t\t\t\t\t\t\t\t\t\t\t\t\t\t\t<img fetchpriority=\"high\" decoding=\"async\" width=\"560\" height=\"164\" src=\"https:\/\/info.isce.pt\/wp-content\/uploads\/2025\/02\/Logo_ISCE_blackletters.png\" class=\"attachment-full size-full wp-image-12\" alt=\"\" srcset=\"https:\/\/info.isce.pt\/wp-content\/uploads\/2025\/02\/Logo_ISCE_blackletters.png 560w, https:\/\/info.isce.pt\/wp-content\/uploads\/2025\/02\/Logo_ISCE_blackletters-300x88.png 300w\" sizes=\"(max-width: 560px) 100vw, 560px\" \/>\t\t\t\t\t\t\t\t\t\t\t\t\t\t\t<\/div>\n\t\t\t\t<\/div>\n\t\t\t\t<\/div>\n\t\t\t\t<div class=\"elementor-element elementor-element-94e58ab elementor-widget elementor-widget-html\" data-id=\"94e58ab\" data-element_type=\"widget\" data-widget_type=\"html.default\">\n\t\t\t\t<div class=\"elementor-widget-container\">\n\t\t\t\t\t<script>\n  document.addEventListener('DOMContentLoaded', function () {\n    const groups = document.querySelectorAll('.limit-2-checkbox');\n\n    groups.forEach(group => {\n        const checkboxes = group.querySelectorAll('input[type=\"checkbox\"]');\n\n        checkboxes.forEach(box => {\n            box.addEventListener('change', function () {\n                const checked = group.querySelectorAll('input[type=\"checkbox\"]:checked');\n\n                if (checked.length >= 2) {\n                    checkboxes.forEach(cb => {\n                        if (!cb.checked) cb.disabled = true;\n                    });\n                } else {\n                    checkboxes.forEach(cb => cb.disabled = false);\n                }\n            });\n        });\n    });\n});\n<\/script>\t\t\t\t<\/div>\n\t\t\t\t<\/div>\n\t\t\t\t<div class=\"elementor-element elementor-element-b56112c fluentform-widget-submit-button-custom elementor-widget elementor-widget-fluent-form-widget\" data-id=\"b56112c\" data-element_type=\"widget\" data-widget_type=\"fluent-form-widget.default\">\n\t\t\t\t<div class=\"elementor-widget-container\">\n\t\t\t\t\t\n            <div class=\"fluentform-widget-wrapper fluentform-widget-align-default\">\n\n            \n            <div class='fluentform ff-default fluentform_wrapper_3 ffs_default_wrap'><form data-form_id=\"3\" id=\"fluentform_3\" class=\"frm-fluent-form fluent_form_3 ff-el-form-top ff_form_instance_3_1 ff-form-loading ffs_default\" data-form_instance=\"ff_form_instance_3_1\" method=\"POST\" ><fieldset  style=\"border: none!important;margin: 0!important;padding: 0!important;background-color: transparent!important;box-shadow: none!important;outline: none!important; min-inline-size: 100%;\">\n                    <legend class=\"ff_screen_reader_title\" style=\"display: block; margin: 0!important;padding: 0!important;height: 0!important;text-indent: -999999px;width: 0!important;overflow:hidden;\">Info<\/legend><input type='hidden' name='__fluent_form_embded_post_id' value='2' \/><input type=\"hidden\" id=\"_fluentform_3_fluentformnonce\" name=\"_fluentform_3_fluentformnonce\" value=\"8b59356d07\" \/><input type=\"hidden\" name=\"_wp_http_referer\" value=\"\/index.php\/wp-json\/wp\/v2\/pages\/2\" \/><div data-type=\"name-element\" data-name=\"names\" class=\" ff-field_container ff-name-field-wrapper\" ><div class='ff-t-container'><div class='ff-t-cell '><div class='ff-el-group ff-el-form-top'><div class=\"ff-el-input--label ff-el-is-required asterisk-right\"><label for='ff_3_names_first_name_' >Nome Completo:<\/label><\/div><div class='ff-el-input--content'><input type=\"text\" name=\"names[first_name]\" id=\"ff_3_names_first_name_\" class=\"ff-el-form-control\" aria-invalid=\"false\" aria-required=true><\/div><\/div><\/div><\/div><\/div><div class='ff-el-group'><div class=\"ff-el-input--label ff-el-is-required asterisk-right\"><label for='ff_3_email' aria-label=\"Email\">Email<\/label><\/div><div class='ff-el-input--content'><input type=\"email\" name=\"email\" id=\"ff_3_email\" class=\"ff-el-form-control\" data-name=\"email\"  aria-invalid=\"false\" aria-required=true><\/div><\/div><div class='ff-el-group'><div class=\"ff-el-input--label ff-el-is-required asterisk-right\"><label  aria-label=\"Escolaridade:\">Escolaridade:<\/label><\/div><div class='ff-el-input--content'><div class='ff-el-form-check ff-el-form-check-'><label class='ff-el-form-check-label' for=input_radio_0624a3ddd0a251861910a7eb20ac9ca7><input  type=\"radio\" name=\"input_radio\" data-name=\"input_radio\" class=\"ff-el-form-check-input ff-el-form-check-radio\" value=\"10.\u00ba Ano\"  id='input_radio_0624a3ddd0a251861910a7eb20ac9ca7' aria-label='10.\u00ba Ano' aria-invalid='false' aria-required=true> <span>10.\u00ba Ano<\/span><\/label><\/div><div class='ff-el-form-check ff-el-form-check-'><label class='ff-el-form-check-label' for=input_radio_337b32fad504ab33d73d344609e02823><input  type=\"radio\" name=\"input_radio\" data-name=\"input_radio\" class=\"ff-el-form-check-input ff-el-form-check-radio\" value=\"11.\u00ba Ano\"  id='input_radio_337b32fad504ab33d73d344609e02823' aria-label='11.\u00ba Ano' aria-invalid='false' aria-required=true> <span>11.\u00ba Ano<\/span><\/label><\/div><div class='ff-el-form-check ff-el-form-check-'><label class='ff-el-form-check-label' for=input_radio_cdb3af7be8027c2d14633a1a700bc5dc><input  type=\"radio\" name=\"input_radio\" data-name=\"input_radio\" class=\"ff-el-form-check-input ff-el-form-check-radio\" value=\"12.\u00ba Ano\"  id='input_radio_cdb3af7be8027c2d14633a1a700bc5dc' aria-label='12.\u00ba Ano' aria-invalid='false' aria-required=true> <span>12.\u00ba Ano<\/span><\/label><\/div><div class='ff-el-form-check ff-el-form-check-'><label class='ff-el-form-check-label' for=input_radio_7417d6488098c73db55c2c140c16c396><input  type=\"radio\" name=\"input_radio\" data-name=\"input_radio\" class=\"ff-el-form-check-input ff-el-form-check-radio\" value=\"Licenciatura\"  id='input_radio_7417d6488098c73db55c2c140c16c396' aria-label='Licenciatura' aria-invalid='false' aria-required=true> <span>Licenciatura<\/span><\/label><\/div><\/div><\/div><div class='ff-el-group limit-2-checkbox'><div class=\"ff-el-input--label ff-el-is-required asterisk-right\"><label  aria-label=\"Forma de Ingresso:\">Forma de Ingresso:<\/label><\/div><div class='ff-el-input--content'><div class='ff-el-form-check ff-el-form-check-'><label class='ff-el-form-check-label' for=checkbox_2ee5f517faf4fe6adb5d092497b5ab7b><input  type=\"checkbox\" name=\"checkbox[]\" data-name=\"checkbox\" class=\"ff-el-form-check-input ff-el-form-check-checkbox\" value=\"Exames nacionais\"  id='checkbox_2ee5f517faf4fe6adb5d092497b5ab7b' aria-label='Exames nacionais' aria-invalid='false' aria-required=true> <span>Exames nacionais<\/span><\/label><\/div><div class='ff-el-form-check ff-el-form-check-'><label class='ff-el-form-check-label' for=checkbox_f6d9d81af1f764ced5198a8043a639be><input  type=\"checkbox\" name=\"checkbox[]\" data-name=\"checkbox\" class=\"ff-el-form-check-input ff-el-form-check-checkbox\" value=\"Provas para estudantes do ensino profissional\"  id='checkbox_f6d9d81af1f764ced5198a8043a639be' aria-label='Provas para estudantes do ensino profissional' aria-invalid='false' aria-required=true> <span>Provas para estudantes do ensino profissional<\/span><\/label><\/div><div class='ff-el-form-check ff-el-form-check-'><label class='ff-el-form-check-label' for=checkbox_d6498f8557fec01205318c54fbfdf14f><input  type=\"checkbox\" name=\"checkbox[]\" data-name=\"checkbox\" class=\"ff-el-form-check-input ff-el-form-check-checkbox\" value=\"Titular de DET\/CET\"  id='checkbox_d6498f8557fec01205318c54fbfdf14f' aria-label='Titular de DET\/CET' aria-invalid='false' aria-required=true> <span>Titular de DET\/CET<\/span><\/label><\/div><div class='ff-el-form-check ff-el-form-check-'><label class='ff-el-form-check-label' for=checkbox_a6944ff9b3e7f91dde20e6ff7f57b712><input  type=\"checkbox\" name=\"checkbox[]\" data-name=\"checkbox\" class=\"ff-el-form-check-input ff-el-form-check-checkbox\" value=\"Titular de Ctesp\"  id='checkbox_a6944ff9b3e7f91dde20e6ff7f57b712' aria-label='Titular de Ctesp' aria-invalid='false' aria-required=true> <span>Titular de Ctesp<\/span><\/label><\/div><div class='ff-el-form-check ff-el-form-check-'><label class='ff-el-form-check-label' for=checkbox_2994f168ea7d9ba2e1db423006a29b6d><input  type=\"checkbox\" name=\"checkbox[]\" data-name=\"checkbox\" class=\"ff-el-form-check-input ff-el-form-check-checkbox\" value=\"Maiores de 23 anos\"  id='checkbox_2994f168ea7d9ba2e1db423006a29b6d' aria-label='Maiores de 23 anos' aria-invalid='false' aria-required=true> <span>Maiores de 23 anos<\/span><\/label><\/div><div class='ff-el-form-check ff-el-form-check-'><label class='ff-el-form-check-label' for=checkbox_fbb332b9ede81551f9821bc320f9a78d><input  type=\"checkbox\" name=\"checkbox[]\" data-name=\"checkbox\" class=\"ff-el-form-check-input ff-el-form-check-checkbox\" value=\"Titulares de curso m\u00e9dio e superior\"  id='checkbox_fbb332b9ede81551f9821bc320f9a78d' aria-label='Titulares de curso m\u00e9dio e superior' aria-invalid='false' aria-required=true> <span>Titulares de curso m\u00e9dio e superior<\/span><\/label><\/div><div class='ff-el-form-check ff-el-form-check-'><label class='ff-el-form-check-label' for=checkbox_dbb1d75cfc1db836a6a44877363e1118><input  type=\"checkbox\" name=\"checkbox[]\" data-name=\"checkbox\" class=\"ff-el-form-check-input ff-el-form-check-checkbox\" value=\"Mudan\u00e7a curso par\/institui\u00e7\u00e3o    Mudan\u00e7a curso par\/institui\u00e7\u00e3o\"  id='checkbox_dbb1d75cfc1db836a6a44877363e1118' aria-label='Mudan\u00e7a curso par\/institui\u00e7\u00e3o    Mudan\u00e7a curso par\/institui\u00e7\u00e3o' aria-invalid='false' aria-required=true> <span>Mudan\u00e7a curso par\/institui\u00e7\u00e3o    Mudan\u00e7a curso par\/institui\u00e7\u00e3o<\/span><\/label><\/div><\/div><\/div><div class='ff-el-group'><div class=\"ff-el-input--label ff-el-is-required asterisk-right\"><label  aria-label=\"Sabias da exist\u00eancia de uma Institui\u00e7\u00e3o de Ensino Superior em Odivelas?\">Sabias da exist\u00eancia de uma Institui\u00e7\u00e3o de Ensino Superior em Odivelas?<\/label><\/div><div class='ff-el-input--content'><div class='ff-el-form-check ff-el-form-check-'><label class='ff-el-form-check-label' for=input_radio_1_89043488337c62c597697e84fd39a512><input  type=\"radio\" name=\"input_radio_1\" data-name=\"input_radio_1\" class=\"ff-el-form-check-input ff-el-form-check-radio\" value=\"Sim\"  id='input_radio_1_89043488337c62c597697e84fd39a512' aria-label='Sim' aria-invalid='false' aria-required=true> <span>Sim<\/span><\/label><\/div><div class='ff-el-form-check ff-el-form-check-'><label class='ff-el-form-check-label' for=input_radio_1_191d6d00107987becffada324f859f4b><input  type=\"radio\" name=\"input_radio_1\" data-name=\"input_radio_1\" class=\"ff-el-form-check-input ff-el-form-check-radio\" value=\"N\u00e3o\"  id='input_radio_1_191d6d00107987becffada324f859f4b' aria-label='N\u00e3o' aria-invalid='false' aria-required=true> <span>N\u00e3o<\/span><\/label><\/div><\/div><\/div><div class='ff-el-group limit-2-checkbox'><div class=\"ff-el-input--label ff-el-is-required asterisk-right\"><label  aria-label=\"\u00c1rea de estudo de interesse:\">\u00c1rea de estudo de interesse:<\/label><\/div><div class='ff-el-input--content'><div class='ff-el-form-check ff-el-form-check-'><label class='ff-el-form-check-label' for=checkbox_3_2f5f1c3626c992d397038b15ae46d0cb><input  type=\"checkbox\" name=\"checkbox_3[]\" data-name=\"checkbox_3\" class=\"ff-el-form-check-input ff-el-form-check-checkbox\" value=\" Desporto\"  id='checkbox_3_2f5f1c3626c992d397038b15ae46d0cb' aria-label='Desporto' aria-invalid='false' aria-required=true> <span> Desporto<\/span><\/label><\/div><div class='ff-el-form-check ff-el-form-check-'><label class='ff-el-form-check-label' for=checkbox_3_7ffdb7c400ecc7f89063fa4afb231c23><input  type=\"checkbox\" name=\"checkbox_3[]\" data-name=\"checkbox_3\" class=\"ff-el-form-check-input ff-el-form-check-checkbox\" value=\"Educa\u00e7\u00e3o B\u00e1sica\"  id='checkbox_3_7ffdb7c400ecc7f89063fa4afb231c23' aria-label='Educa\u00e7\u00e3o B\u00e1sica' aria-invalid='false' aria-required=true> <span>Educa\u00e7\u00e3o B\u00e1sica<\/span><\/label><\/div><div class='ff-el-form-check ff-el-form-check-'><label class='ff-el-form-check-label' for=checkbox_3_a97f83cfa4414af73d310d5106cf5d69><input  type=\"checkbox\" name=\"checkbox_3[]\" data-name=\"checkbox_3\" class=\"ff-el-form-check-input ff-el-form-check-checkbox\" value=\"Educa\u00e7\u00e3o Social\"  id='checkbox_3_a97f83cfa4414af73d310d5106cf5d69' aria-label='Educa\u00e7\u00e3o Social' aria-invalid='false' aria-required=true> <span>Educa\u00e7\u00e3o Social<\/span><\/label><\/div><div class='ff-el-form-check ff-el-form-check-'><label class='ff-el-form-check-label' for=checkbox_3_8893d903f5d9fc87f9b9924b14667229><input  type=\"checkbox\" name=\"checkbox_3[]\" data-name=\"checkbox_3\" class=\"ff-el-form-check-input ff-el-form-check-checkbox\" value=\"Gest\u00e3o Tur\u00edstica\"  id='checkbox_3_8893d903f5d9fc87f9b9924b14667229' aria-label='Gest\u00e3o Tur\u00edstica' aria-invalid='false' aria-required=true> <span>Gest\u00e3o Tur\u00edstica<\/span><\/label><\/div><div class='ff-el-form-check ff-el-form-check-'><label class='ff-el-form-check-label' for=checkbox_3_db22eae96118a86a476995a3fc281f6c><input  type=\"checkbox\" name=\"checkbox_3[]\" data-name=\"checkbox_3\" class=\"ff-el-form-check-input ff-el-form-check-checkbox\" value=\"Gest\u00e3o de Recursos Humanos\"  id='checkbox_3_db22eae96118a86a476995a3fc281f6c' aria-label='Gest\u00e3o de Recursos Humanos' aria-invalid='false' aria-required=true> <span>Gest\u00e3o de Recursos Humanos<\/span><\/label><\/div><\/div><\/div><div class='ff-el-group limit-2-checkbox'><div class=\"ff-el-input--label ff-el-is-required asterisk-right\"><label  aria-label=\"Tipologia de curso em que est\u00e1s interessado:\">Tipologia de curso em que est\u00e1s interessado:<\/label><\/div><div class='ff-el-input--content'><div class='ff-el-form-check ff-el-form-check-'><label class='ff-el-form-check-label' for=checkbox_4_b5381c1a90605fe572ebec76827e8a23><input  type=\"checkbox\" name=\"checkbox_4[]\" data-name=\"checkbox_4\" class=\"ff-el-form-check-input ff-el-form-check-checkbox\" value=\"CTeSP\"  id='checkbox_4_b5381c1a90605fe572ebec76827e8a23' aria-label='CTeSP' aria-invalid='false' aria-required=true> <span>CTeSP<\/span><\/label><\/div><div class='ff-el-form-check ff-el-form-check-'><label class='ff-el-form-check-label' for=checkbox_4_9fea62dbcefe5e06464cdf8af62aa796><input  type=\"checkbox\" name=\"checkbox_4[]\" data-name=\"checkbox_4\" class=\"ff-el-form-check-input ff-el-form-check-checkbox\" value=\"Licenciatura\"  id='checkbox_4_9fea62dbcefe5e06464cdf8af62aa796' aria-label='Licenciatura' aria-invalid='false' aria-required=true> <span>Licenciatura<\/span><\/label><\/div><div class='ff-el-form-check ff-el-form-check-'><label class='ff-el-form-check-label' for=checkbox_4_224b4f4812628854f58d4b4169948e28><input  type=\"checkbox\" name=\"checkbox_4[]\" data-name=\"checkbox_4\" class=\"ff-el-form-check-input ff-el-form-check-checkbox\" value=\"Mestrado\"  id='checkbox_4_224b4f4812628854f58d4b4169948e28' aria-label='Mestrado' aria-invalid='false' aria-required=true> <span>Mestrado<\/span><\/label><\/div><div class='ff-el-form-check ff-el-form-check-'><label class='ff-el-form-check-label' for=checkbox_4_4a4eca62f4432c50ccbc9c1705636400><input  type=\"checkbox\" name=\"checkbox_4[]\" data-name=\"checkbox_4\" class=\"ff-el-form-check-input ff-el-form-check-checkbox\" value=\"P\u00f3s-Gradua\u00e7\u00e3o\"  id='checkbox_4_4a4eca62f4432c50ccbc9c1705636400' aria-label='P\u00f3s-Gradua\u00e7\u00e3o' aria-invalid='false' aria-required=true> <span>P\u00f3s-Gradua\u00e7\u00e3o<\/span><\/label><\/div><\/div><\/div><div class='ff-el-group limit-2-checkbox'><div class=\"ff-el-input--label ff-el-is-required asterisk-right\"><label  aria-label=\"Como tomaste conhecimento dos nossos Cursos?\">Como tomaste conhecimento dos nossos Cursos?<\/label><\/div><div class='ff-el-input--content'><div class='ff-el-form-check ff-el-form-check-'><label class='ff-el-form-check-label' for=checkbox_2_40dabe864fea42f52af08c4ea9b70a26><input  type=\"checkbox\" name=\"checkbox_2[]\" data-name=\"checkbox_2\" class=\"ff-el-form-check-input ff-el-form-check-checkbox\" value=\"Escola\"  id='checkbox_2_40dabe864fea42f52af08c4ea9b70a26' aria-label='Escola' aria-invalid='false' aria-required=true> <span>Escola<\/span><\/label><\/div><div class='ff-el-form-check ff-el-form-check-'><label class='ff-el-form-check-label' for=checkbox_2_2e6f63497958c2a7532d9e07ef7c2e81><input  type=\"checkbox\" name=\"checkbox_2[]\" data-name=\"checkbox_2\" class=\"ff-el-form-check-input ff-el-form-check-checkbox\" value=\"Feira\"  id='checkbox_2_2e6f63497958c2a7532d9e07ef7c2e81' aria-label='Feira' aria-invalid='false' aria-required=true> <span>Feira<\/span><\/label><\/div><div class='ff-el-form-check ff-el-form-check-'><label class='ff-el-form-check-label' for=checkbox_2_269f191be7089ef922d0cdec554f43d6><input  type=\"checkbox\" name=\"checkbox_2[]\" data-name=\"checkbox_2\" class=\"ff-el-form-check-input ff-el-form-check-checkbox\" value=\"Futur\u00e1lia\"  id='checkbox_2_269f191be7089ef922d0cdec554f43d6' aria-label='Futur\u00e1lia' aria-invalid='false' aria-required=true> <span>Futur\u00e1lia<\/span><\/label><\/div><div class='ff-el-form-check ff-el-form-check-'><label class='ff-el-form-check-label' for=checkbox_2_86751511f5d5762dfdb17089959f2d75><input  type=\"checkbox\" name=\"checkbox_2[]\" data-name=\"checkbox_2\" class=\"ff-el-form-check-input ff-el-form-check-checkbox\" value=\"Redes Sociais\"  id='checkbox_2_86751511f5d5762dfdb17089959f2d75' aria-label='Redes Sociais' aria-invalid='false' aria-required=true> <span>Redes Sociais<\/span><\/label><\/div><div class='ff-el-form-check ff-el-form-check-'><label class='ff-el-form-check-label' for=checkbox_2_38210712c07569291fcd986f2e9423ee><input  type=\"checkbox\" name=\"checkbox_2[]\" data-name=\"checkbox_2\" class=\"ff-el-form-check-input ff-el-form-check-checkbox\" value=\"Website\"  id='checkbox_2_38210712c07569291fcd986f2e9423ee' aria-label='Website' aria-invalid='false' aria-required=true> <span>Website<\/span><\/label><\/div><div class='ff-el-form-check ff-el-form-check-'><label class='ff-el-form-check-label' for=checkbox_2_f04595c45d6cc601c41532f5380e1865><input  type=\"checkbox\" name=\"checkbox_2[]\" data-name=\"checkbox_2\" class=\"ff-el-form-check-input ff-el-form-check-checkbox\" value=\"Outdoors\"  id='checkbox_2_f04595c45d6cc601c41532f5380e1865' aria-label='Outdoors' aria-invalid='false' aria-required=true> <span>Outdoors<\/span><\/label><\/div><div class='ff-el-form-check ff-el-form-check-'><label class='ff-el-form-check-label' for=checkbox_2_b79464f4e2368ac5e58376dcb1b896f3><input  type=\"checkbox\" name=\"checkbox_2[]\" data-name=\"checkbox_2\" class=\"ff-el-form-check-input ff-el-form-check-checkbox\" value=\"Familiares\/Amigos\"  id='checkbox_2_b79464f4e2368ac5e58376dcb1b896f3' aria-label='Familiares\/Amigos' aria-invalid='false' aria-required=true> <span>Familiares\/Amigos<\/span><\/label><\/div><\/div><\/div><div class='ff-el-group'><div class=\"ff-el-input--label ff-el-is-required asterisk-right\"><label  aria-label=\"Pretendes receber informa\u00e7\u00f5es acerca dos Cursos e das datas de candidatura?\">Pretendes receber informa\u00e7\u00f5es acerca dos Cursos e das datas de candidatura?<\/label><\/div><div class='ff-el-input--content'><div class='ff-el-form-check ff-el-form-check-'><label class='ff-el-form-check-label' for=input_radio_2_ef1aa72e627a1304a41b335d25af7367><input  type=\"radio\" name=\"input_radio_2\" data-name=\"input_radio_2\" class=\"ff-el-form-check-input ff-el-form-check-radio\" value=\"Sim!\"  id='input_radio_2_ef1aa72e627a1304a41b335d25af7367' aria-label='Sim!' aria-invalid='false' aria-required=true> <span>Sim!<\/span><\/label><\/div><div class='ff-el-form-check ff-el-form-check-'><label class='ff-el-form-check-label' for=input_radio_2_5241afa9cfb604585a0a4b7420cce870><input  type=\"radio\" name=\"input_radio_2\" data-name=\"input_radio_2\" class=\"ff-el-form-check-input ff-el-form-check-radio\" value=\"N\u00e3o!\"  id='input_radio_2_5241afa9cfb604585a0a4b7420cce870' aria-label='N\u00e3o!' aria-invalid='false' aria-required=true> <span>N\u00e3o!<\/span><\/label><\/div><\/div><\/div><div class='ff-el-group ff-text-left ff_submit_btn_wrapper'><button type=\"submit\" class=\"ff-btn ff-btn-submit ff-btn-md ff_btn_style\" >Submeter<\/button><\/div><\/fieldset><\/form><div id='fluentform_3_errors' class='ff-errors-in-stack ff_form_instance_3_1 ff-form-loading_errors ff_form_instance_3_1_errors'><\/div><\/div>        <script type=\"text\/javascript\">\n            window.fluent_form_ff_form_instance_3_1 = {\"id\":\"3\",\"settings\":{\"layout\":{\"labelPlacement\":\"top\",\"asteriskPlacement\":\"asterisk-right\",\"helpMessagePlacement\":\"with_label\",\"errorMessagePlacement\":\"inline\",\"cssClassName\":\"\"},\"restrictions\":{\"denyEmptySubmission\":{\"enabled\":false}}},\"form_instance\":\"ff_form_instance_3_1\",\"form_id_selector\":\"fluentform_3\",\"rules\":{\"names[first_name]\":{\"required\":{\"value\":true,\"message\":\"Este campo \\u00e9 obrigat\\u00f3rio.\",\"global_message\":\"Este campo \\u00e9 obrigat\\u00f3rio.\",\"global\":true}},\"names[middle_name]\":{\"required\":{\"value\":false,\"message\":\"Este campo \\u00e9 obrigat\\u00f3rio.\",\"global_message\":\"Este campo \\u00e9 obrigat\\u00f3rio.\",\"global\":true}},\"names[last_name]\":{\"required\":{\"value\":false,\"message\":\"Este campo \\u00e9 obrigat\\u00f3rio.\",\"global_message\":\"Este campo \\u00e9 obrigat\\u00f3rio.\",\"global\":true}},\"email\":{\"required\":{\"value\":true,\"message\":\"Este campo \\u00e9 obrigat\\u00f3rio.\",\"global_message\":\"Este campo \\u00e9 obrigat\\u00f3rio.\",\"global\":true},\"email\":{\"value\":true,\"message\":\"Deve inserir um email v\\u00e1lido.\",\"global_message\":\"Deve inserir um email v\\u00e1lido.\",\"global\":true}},\"input_radio\":{\"required\":{\"value\":true,\"message\":\"Este campo \\u00e9 obrigat\\u00f3rio.\",\"global_message\":\"Este campo \\u00e9 obrigat\\u00f3rio.\",\"global\":true}},\"checkbox\":{\"required\":{\"value\":true,\"message\":\"Este campo \\u00e9 obrigat\\u00f3rio.\",\"global_message\":\"Este campo \\u00e9 obrigat\\u00f3rio.\",\"global\":true}},\"input_radio_1\":{\"required\":{\"value\":true,\"message\":\"Este campo \\u00e9 obrigat\\u00f3rio.\",\"global_message\":\"Este campo \\u00e9 obrigat\\u00f3rio.\",\"global\":true}},\"checkbox_3\":{\"required\":{\"value\":true,\"message\":\"Este campo \\u00e9 obrigat\\u00f3rio.\",\"global_message\":\"Este campo \\u00e9 obrigat\\u00f3rio.\",\"global\":true}},\"checkbox_4\":{\"required\":{\"value\":true,\"message\":\"Este campo \\u00e9 obrigat\\u00f3rio.\",\"global_message\":\"Este campo \\u00e9 obrigat\\u00f3rio.\",\"global\":true}},\"checkbox_2\":{\"required\":{\"value\":true,\"message\":\"Este campo \\u00e9 obrigat\\u00f3rio.\",\"global_message\":\"Este campo \\u00e9 obrigat\\u00f3rio.\",\"global\":true}},\"input_radio_2\":{\"required\":{\"value\":true,\"message\":\"Este campo \\u00e9 obrigat\\u00f3rio.\",\"global_message\":\"Este campo \\u00e9 obrigat\\u00f3rio.\",\"global\":true}}},\"debounce_time\":300};\n                    <\/script>\n                    <\/div>\n\n            \t\t\t\t<\/div>\n\t\t\t\t<\/div>\n\t\t\t\t\t<\/div>\n\t\t\t\t<\/div>\n\t\t\t\t<\/div>\n\t\t","protected":false},"excerpt":{"rendered":"<p>Info Nome Completo:EmailEscolaridade: 10.\u00ba Ano 11.\u00ba Ano 12.\u00ba Ano LicenciaturaForma de Ingresso: Exames nacionais Provas para estudantes do ensino profissional Titular de DET\/CET Titular de Ctesp Maiores de 23 anos Titulares de curso m\u00e9dio e superior Mudan\u00e7a curso par\/institui\u00e7\u00e3o Mudan\u00e7a curso par\/institui\u00e7\u00e3oSabias da exist\u00eancia de uma Institui\u00e7\u00e3o de Ensino Superior em Odivelas? Sim N\u00e3o\u00c1rea de [&hellip;]<\/p>\n","protected":false},"author":1,"featured_media":0,"parent":0,"menu_order":0,"comment_status":"closed","ping_status":"open","template":"elementor_canvas","meta":{"footnotes":""},"class_list":["post-2","page","type-page","status-publish","hentry"],"_links":{"self":[{"href":"https:\/\/info.isce.pt\/index.php\/wp-json\/wp\/v2\/pages\/2","targetHints":{"allow":["GET"]}}],"collection":[{"href":"https:\/\/info.isce.pt\/index.php\/wp-json\/wp\/v2\/pages"}],"about":[{"href":"https:\/\/info.isce.pt\/index.php\/wp-json\/wp\/v2\/types\/page"}],"author":[{"embeddable":true,"href":"https:\/\/info.isce.pt\/index.php\/wp-json\/wp\/v2\/users\/1"}],"replies":[{"embeddable":true,"href":"https:\/\/info.isce.pt\/index.php\/wp-json\/wp\/v2\/comments?post=2"}],"version-history":[{"count":18,"href":"https:\/\/info.isce.pt\/index.php\/wp-json\/wp\/v2\/pages\/2\/revisions"}],"predecessor-version":[{"id":39,"href":"https:\/\/info.isce.pt\/index.php\/wp-json\/wp\/v2\/pages\/2\/revisions\/39"}],"wp:attachment":[{"href":"https:\/\/info.isce.pt\/index.php\/wp-json\/wp\/v2\/media?parent=2"}],"curies":[{"name":"wp","href":"https:\/\/api.w.org\/{rel}","templated":true}]}}